{"id":326,"date":"2017-08-29T08:29:44","date_gmt":"2017-08-29T08:29:44","guid":{"rendered":"http:\/\/www.rivestimentipavimenti.com\/home"},"modified":"2017-08-29T13:29:06","modified_gmt":"2017-08-29T13:29:06","slug":"home","status":"publish","type":"page","link":"https:\/\/www.rivestimentipavimenti.com\/de","title":{"rendered":"Home"},"content":{"rendered":"<p><div class=\"fusion-fullwidth fullwidth-box fusion-builder-row-1 nonhundred-percent-fullwidth non-hundred-percent-height-scrolling\"  style='background-color: rgba(255,255,255,0);background-position: center center;background-repeat: no-repeat;padding-top:100px;padding-right:0px;padding-bottom:50px;padding-left:0px;'><div class=\"fusion-builder-row fusion-row \"><div  class=\"fusion-layout-column fusion_builder_column fusion_builder_column_1_1 fusion-builder-column-0 fusion-one-full fusion-column-first fusion-column-last 1_1\"  style='margin-top:0px;margin-bottom:20px;'><div class=\"fusion-column-wrapper\" style=\"background-color:rgba(255,255,255,0.83);padding: 50px 50px 50px 50px;background-position:left top;background-repeat:no-repeat;-webkit-background-size:cover;-moz-background-size:cover;-o-background-size:cover;background-size:cover;\"   data-bg-url=\"\"><div class=\"fusion-text\"><h2 style=\"text-align: center;\"><span id=\"result_box\" class=\"\" lang=\"de\" tabindex=\"-1\"><span class=\"\">Verlegen von Fu\u00dfb\u00f6den, Platten und Porphyry Professionelle Mauerwerksarbeiten zu wettbewerbsf\u00e4higen Preisen und garantierter Qualit\u00e4t in Bozen Trentino Alto Adige<\/span><\/span><\/h2>\n<\/div><div class=\"fusion-sep-clear\"><\/div><div class=\"fusion-separator fusion-full-width-sep sep-none\" style=\"margin-left: auto;margin-right: auto;margin-top:20px;\"><\/div><div class=\"fusion-fa-align-center\"><i class=\"fb-icon-element-1 fb-icon-element fontawesome-icon fa fa-chevron-down circle-no\" style=\"font-size:30px;\"><\/i><\/div><style>i.fontawesome-icon.fb-icon-element-1{ color: #000000;}i.fontawesome-icon.fb-icon-element-1:hover { color: #000000;}<\/style><div class=\"fusion-clearfix\"><\/div><\/div><\/div><\/div><\/div><div class=\"fusion-fullwidth fullwidth-box fusion-builder-row-2 nonhundred-percent-fullwidth non-hundred-percent-height-scrolling\"  style='background-color: rgba(255,255,255,0);background-position: center center;background-repeat: no-repeat;padding-top:0px;padding-right:0px;padding-bottom:0px;padding-left:0px;margin-bottom: 50px;margin-top: 20px;'><div class=\"fusion-builder-row fusion-row \"><div  class=\"fusion-layout-column fusion_builder_column fusion_builder_column_1_1 fusion-builder-column-1 fusion-one-full fusion-column-first fusion-column-last 1_1\"  style='margin-top:0px;margin-bottom:20px;'><div class=\"fusion-column-wrapper\" style=\"background-color:rgba(255,255,255,0.86);padding: 50px 50px 50px 50px;background-position:left top;background-repeat:no-repeat;-webkit-background-size:cover;-moz-background-size:cover;-o-background-size:cover;background-size:cover;\"   data-bg-url=\"\"><div class=\"fusion-text\"><h2 style=\"text-align: center;\"><strong><span id=\"result_box\" class=\"\" lang=\"de\">Ihr Zuhause oder Gesch\u00e4ft?<br \/>\n<span class=\"\">So m\u00fcssen Sie eine Baufirma kontaktieren?<\/span><\/span><\/strong><\/h2>\n<p style=\"text-align: center;\"><em><strong>Jakup Himollari<\/strong><\/em> seine jahrzehntelange Erfahrung zur Verf\u00fcgung, um verschiedene Arten von Arbeiten zu machen. <strong>In kurzer Zeit kann Himollari Mauern, mit oder ohne Dichtung bauen, Wandverkleidungen durchf\u00fchren, Steinstufen \u00fcberdecken, Stein und Kiesboden verlegen, sowie Verriegelungen aus Beton verlegen.<\/strong> Alle Arbeiten werden mit h\u00f6chster Kur und Professionalit\u00e4t durchgef\u00fchrt, <strong>von den privaten Haushalten bis zu den Firmen.<\/strong><\/p>\n<\/div><div class=\"fusion-sep-clear\"><\/div><div class=\"fusion-separator fusion-full-width-sep sep-none\" style=\"margin-left: auto;margin-right: auto;margin-top:20px;\"><\/div><div class=\"fusion-fa-align-center\"><i class=\"fb-icon-element-2 fb-icon-element fontawesome-icon fa fa-chevron-down circle-no\" style=\"font-size:30px;\"><\/i><\/div><style>i.fontawesome-icon.fb-icon-element-2{ color: #593d09;}i.fontawesome-icon.fb-icon-element-2:hover { color: #593d09;}<\/style><div class=\"fusion-clearfix\"><\/div><\/div><\/div><\/div><\/div><div class=\"fusion-fullwidth fullwidth-box fusion-builder-row-3 nonhundred-percent-fullwidth non-hundred-percent-height-scrolling fusion-equal-height-columns\"  style='background-color: rgba(255,255,255,0);background-position: center center;background-repeat: no-repeat;padding-top:50px;padding-right:0px;padding-bottom:0px;padding-left:0px;'><div class=\"fusion-builder-row fusion-row \"><div  class=\"fusion-layout-column fusion_builder_column fusion_builder_column_1_4 fusion-builder-column-2 fusion-one-fourth fusion-column-first 1_4\"  style='margin-top:0px;margin-bottom:20px;width:25%;width:calc(25% - ( ( 4% + 4% + 4% ) * 0.25 ) );margin-right: 4%;'><div class=\"fusion-column-wrapper\" style=\"background-color:rgba(255,255,255,0.93);background-position:left top;background-repeat:no-repeat;-webkit-background-size:cover;-moz-background-size:cover;-o-background-size:cover;background-size:cover;\"   data-bg-url=\"\"><div class=\"imageframe-align-center\"><span class=\"fusion-imageframe imageframe-none imageframe-1 hover-type-none\"><img decoding=\"async\" loading=\"lazy\" src=\"http:\/\/www.rivestimentipavimenti.com\/wp-content\/uploads\/box-home-rivestimenti-e-pavimenti-in-pietra-himollari-edilizia-bolzano-trentino-alto-adige2.jpg\" width=\"300\" height=\"400\" alt=\"\" title=\"box-home-rivestimenti-e-pavimenti-in-pietra-himollari-edilizia-bolzano-trentino-alto-adige2\" class=\"img-responsive wp-image-273\" srcset=\"https:\/\/www.rivestimentipavimenti.com\/wp-content\/uploads\/box-home-rivestimenti-e-pavimenti-in-pietra-himollari-edilizia-bolzano-trentino-alto-adige2-200x267.jpg 200w, https:\/\/www.rivestimentipavimenti.com\/wp-content\/uploads\/box-home-rivestimenti-e-pavimenti-in-pietra-himollari-edilizia-bolzano-trentino-alto-adige2.jpg 300w\" sizes=\"(max-width: 800px) 100vw, 300px\" \/><\/span><\/div><div class=\"fusion-sep-clear\"><\/div><div class=\"fusion-separator fusion-full-width-sep sep-none\" style=\"margin-left: auto;margin-right: auto;margin-top:30px;\"><\/div><div class=\"fusion-text\"><p style=\"text-align: center;\"><strong>POSA PAVIMENTI LASTRE E PORFIDO<\/strong><\/p>\n<\/div><div class=\"fusion-clearfix\"><\/div><\/div><\/div><div  class=\"fusion-layout-column fusion_builder_column fusion_builder_column_1_4 fusion-builder-column-3 fusion-one-fourth 1_4\"  style='margin-top:0px;margin-bottom:20px;width:25%;width:calc(25% - ( ( 4% + 4% + 4% ) * 0.25 ) );margin-right: 4%;'><div class=\"fusion-column-wrapper\" style=\"background-color:rgba(255,255,255,0.93);background-position:left top;background-repeat:no-repeat;-webkit-background-size:cover;-moz-background-size:cover;-o-background-size:cover;background-size:cover;\"   data-bg-url=\"\"><div class=\"imageframe-align-center\"><span class=\"fusion-imageframe imageframe-none imageframe-2 hover-type-none\"><img decoding=\"async\" loading=\"lazy\" src=\"http:\/\/www.rivestimentipavimenti.com\/wp-content\/uploads\/box-home-rivestimenti-e-pavimenti-in-pietra-himollari-edilizia-bolzano-trentino-alto-adige3.jpg\" width=\"300\" height=\"400\" alt=\"\" title=\"box-home-rivestimenti-e-pavimenti-in-pietra-himollari-edilizia-bolzano-trentino-alto-adige3\" class=\"img-responsive wp-image-274\" srcset=\"https:\/\/www.rivestimentipavimenti.com\/wp-content\/uploads\/box-home-rivestimenti-e-pavimenti-in-pietra-himollari-edilizia-bolzano-trentino-alto-adige3-200x267.jpg 200w, https:\/\/www.rivestimentipavimenti.com\/wp-content\/uploads\/box-home-rivestimenti-e-pavimenti-in-pietra-himollari-edilizia-bolzano-trentino-alto-adige3.jpg 300w\" sizes=\"(max-width: 800px) 100vw, 300px\" \/><\/span><\/div><div class=\"fusion-sep-clear\"><\/div><div class=\"fusion-separator fusion-full-width-sep sep-none\" style=\"margin-left: auto;margin-right: auto;margin-top:30px;\"><\/div><div class=\"fusion-text\"><p style=\"text-align: center;\"><strong>COPERTURA SCALE IN PIETRA<\/strong><\/p>\n<\/div><div class=\"fusion-clearfix\"><\/div><\/div><\/div><div  class=\"fusion-layout-column fusion_builder_column fusion_builder_column_1_4 fusion-builder-column-4 fusion-one-fourth 1_4\"  style='margin-top:0px;margin-bottom:20px;width:25%;width:calc(25% - ( ( 4% + 4% + 4% ) * 0.25 ) );margin-right: 4%;'><div class=\"fusion-column-wrapper\" style=\"background-color:rgba(255,255,255,0.93);background-position:left top;background-repeat:no-repeat;-webkit-background-size:cover;-moz-background-size:cover;-o-background-size:cover;background-size:cover;\"   data-bg-url=\"\"><div class=\"imageframe-align-center\"><span class=\"fusion-imageframe imageframe-none imageframe-3 hover-type-none\"><img decoding=\"async\" loading=\"lazy\" src=\"http:\/\/www.rivestimentipavimenti.com\/wp-content\/uploads\/box-home-rivestimenti-e-pavimenti-in-pietra-himollari-edilizia-bolzano-trentino-alto-adige.jpg\" width=\"300\" height=\"400\" alt=\"\" title=\"box-home-rivestimenti-e-pavimenti-in-pietra-himollari-edilizia-bolzano-trentino-alto-adige\" class=\"img-responsive wp-image-272\" srcset=\"https:\/\/www.rivestimentipavimenti.com\/wp-content\/uploads\/box-home-rivestimenti-e-pavimenti-in-pietra-himollari-edilizia-bolzano-trentino-alto-adige-200x267.jpg 200w, https:\/\/www.rivestimentipavimenti.com\/wp-content\/uploads\/box-home-rivestimenti-e-pavimenti-in-pietra-himollari-edilizia-bolzano-trentino-alto-adige.jpg 300w\" sizes=\"(max-width: 800px) 100vw, 300px\" \/><\/span><\/div><div class=\"fusion-sep-clear\"><\/div><div class=\"fusion-separator fusion-full-width-sep sep-none\" style=\"margin-left: auto;margin-right: auto;margin-top:30px;\"><\/div><div class=\"fusion-text\"><p style=\"text-align: center;\"><strong>MURI IN PIETRA<\/strong><\/p>\n<\/div><div class=\"fusion-clearfix\"><\/div><\/div><\/div><div  class=\"fusion-layout-column fusion_builder_column fusion_builder_column_1_4 fusion-builder-column-5 fusion-one-fourth fusion-column-last 1_4\"  style='margin-top:0px;margin-bottom:20px;width:25%;width:calc(25% - ( ( 4% + 4% + 4% ) * 0.25 ) );'><div class=\"fusion-column-wrapper\" style=\"background-color:rgba(255,255,255,0.93);background-position:left top;background-repeat:no-repeat;-webkit-background-size:cover;-moz-background-size:cover;-o-background-size:cover;background-size:cover;\"   data-bg-url=\"\"><div class=\"imageframe-align-center\"><span class=\"fusion-imageframe imageframe-none imageframe-4 hover-type-none\"><img decoding=\"async\" loading=\"lazy\" src=\"http:\/\/www.rivestimentipavimenti.com\/wp-content\/uploads\/box-home-rivestimenti-e-pavimenti-in-pietra-himollari-edilizia-bolzano-trentino-alto-adige4.jpg\" width=\"300\" height=\"400\" alt=\"\" title=\"box-home-rivestimenti-e-pavimenti-in-pietra-himollari-edilizia-bolzano-trentino-alto-adige4\" class=\"img-responsive wp-image-275\" srcset=\"https:\/\/www.rivestimentipavimenti.com\/wp-content\/uploads\/box-home-rivestimenti-e-pavimenti-in-pietra-himollari-edilizia-bolzano-trentino-alto-adige4-200x267.jpg 200w, https:\/\/www.rivestimentipavimenti.com\/wp-content\/uploads\/box-home-rivestimenti-e-pavimenti-in-pietra-himollari-edilizia-bolzano-trentino-alto-adige4.jpg 300w\" sizes=\"(max-width: 800px) 100vw, 300px\" \/><\/span><\/div><div class=\"fusion-sep-clear\"><\/div><div class=\"fusion-separator fusion-full-width-sep sep-none\" style=\"margin-left: auto;margin-right: auto;margin-top:30px;\"><\/div><div class=\"fusion-text\"><p style=\"text-align: center;\"><strong>PREZZI E PREVENTIVI<\/strong><\/p>\n<\/div><div class=\"fusion-clearfix\"><\/div><\/div><\/div><\/div><\/div><\/p>\n","protected":false},"excerpt":{"rendered":"","protected":false},"author":4,"featured_media":0,"parent":0,"menu_order":0,"comment_status":"closed","ping_status":"closed","template":"100-width.php","meta":{"footnotes":""},"_links":{"self":[{"href":"https:\/\/www.rivestimentipavimenti.com\/de\/wp-json\/wp\/v2\/pages\/326"}],"collection":[{"href":"https:\/\/www.rivestimentipavimenti.com\/de\/wp-json\/wp\/v2\/pages"}],"about":[{"href":"https:\/\/www.rivestimentipavimenti.com\/de\/wp-json\/wp\/v2\/types\/page"}],"author":[{"embeddable":true,"href":"https:\/\/www.rivestimentipavimenti.com\/de\/wp-json\/wp\/v2\/users\/4"}],"replies":[{"embeddable":true,"href":"https:\/\/www.rivestimentipavimenti.com\/de\/wp-json\/wp\/v2\/comments?post=326"}],"version-history":[{"count":3,"href":"https:\/\/www.rivestimentipavimenti.com\/de\/wp-json\/wp\/v2\/pages\/326\/revisions"}],"predecessor-version":[{"id":330,"href":"https:\/\/www.rivestimentipavimenti.com\/de\/wp-json\/wp\/v2\/pages\/326\/revisions\/330"}],"wp:attachment":[{"href":"https:\/\/www.rivestimentipavimenti.com\/de\/wp-json\/wp\/v2\/media?parent=326"}],"curies":[{"name":"wp","href":"https:\/\/api.w.org\/{rel}","templated":true}]}}